{"id":3322,"date":"2021-06-11T18:08:29","date_gmt":"2021-06-11T21:08:29","guid":{"rendered":"https:\/\/climar.obreal.net\/sobre-climar\/"},"modified":"2023-06-07T04:45:28","modified_gmt":"2023-06-07T07:45:28","slug":"sobre-climar","status":"publish","type":"page","link":"https:\/\/climar.obsglob.org\/es\/sobre-climar\/","title":{"rendered":"Sobre CLIMAR"},"content":{"rendered":"\n  <div id=\"page-header-1858550199\" class=\"page-header-wrapper\">\n  <div class=\"page-title light featured-title\">\n\n        <div class=\"page-title-bg\">\n      <div class=\"title-bg fill bg-fill\"\n        data-parallax-container=\".page-title\"\n        data-parallax-background\n        data-parallax=\"-\">\n      <\/div>\n      <div class=\"title-overlay fill\"><\/div>\n    <\/div>\n    \n    <div class=\"page-title-inner container align-center text-center flex-row-col medium-flex-wrap\" >\n              <div class=\"title-wrapper flex-col\">\n          <h1 class=\"entry-title mb-0\">\n            SOBRE CLIMAR          <\/h1>\n        <\/div>\n                    <div class=\"title-content flex-col\">\n        <ul class=\"nav sm-touch-scroll nav-line nav-uppercase text-center nav-center\"><li class=\"nav-single-page hidden\"><\/li><\/ul>      <\/div>\n    <\/div>\n\n     \n<style>\n#page-header-1858550199 .page-title-inner {\n  min-height: 200px;\n}\n#page-header-1858550199 .title-bg {\n  background-image: url(https:\/\/climar.obsglob.org\/wp-content\/uploads\/sites\/7\/2023\/04\/banner-5.jpg);\n  background-position: 40% 39%;\n}\n#page-header-1858550199 .title-overlay {\n  background-color: rgba(0, 0, 0, 0);\n}\n#page-header-1858550199 .featured-title {\n  background-color: rgba(0, 0, 0, 0.14);\n}\n@media (min-width:550px) {\n  #page-header-1858550199 .page-title-inner {\n    min-height: 300px;\n  }\n}\n<\/style>\n  <\/div>\n    <\/div>\n  \n\n\t<section class=\"section\" id=\"section_968096151\">\n\t\t<div class=\"bg section-bg fill bg-fill  bg-loaded\" >\n\n\t\t\t\n\t\t\t\n\t\t\t\n\n\t\t<\/div>\n\n\t\t\n\n\t\t<div class=\"section-content relative\">\n\t\t\t\n\n<div class=\"row\"  id=\"row-61787420\">\n\n\n\t<div id=\"col-852821157\" class=\"col small-12 large-12\"  >\n\t\t\t\t<div class=\"col-inner\" style=\"background-color:rgb(255,255,255);\" >\n\t\t\t\n\t\t\t\n\n<div class=\"row align-center\"  id=\"row-1754641858\">\n\n\n\t<div id=\"col-1463731613\" class=\"col medium-9 small-10 large-10\"  >\n\t\t\t\t<div class=\"col-inner text-center\"  >\n\t\t\t\n\t\t\t\n\n\t<div id=\"text-2584929863\" class=\"text\">\n\t\t\n\n<p style=\"text-align: left;\"><span data-text-color=\"primary\">El proyecto <strong>CLIMAR <\/strong><\/span>defiende la noci\u00f3n de que la universidad es fundamental a la hora de liderar los planteamientos multipartitos de la sostenibilidad medioambiental y el turismo, reconociendo los distintos enfoques y prioridades, as\u00ed como las presiones econ\u00f3micas. El consorcio representa a universidades regionales de diferentes capacidades en una amplia gama de \u00e1reas impulsadas por el turismo, cuyas caracter\u00edsticas de vulnerabilidad son similares. Se espera que el proyecto responda a sus necesidades no s\u00f3lo en cuanto a la creaci\u00f3n de capacidad de investigaci\u00f3n multidisciplinar, sino tambi\u00e9n en cuanto a la vinculaci\u00f3n de la investigaci\u00f3n con la sostenibilidad social y econ\u00f3mica de sus regiones.<\/p>\n<p style=\"text-align: left;\">La relaci\u00f3n entre turismo y cambio clim\u00e1tico es rec\u00edproca. Por un lado, el cambio clim\u00e1tico afecta al lugar, el momento y la naturaleza del turismo (IPCC, 2014), por lo que se necesitan medidas de adaptaci\u00f3n; y por otro, el turismo contribuye al cambio clim\u00e1tico, principalmente debido a las emisiones del transporte a\u00e9reo (Lenzen et al., 2018) y se necesitan estrategias de mitigaci\u00f3n. Por lo tanto, hacer frente al cambio clim\u00e1tico es un requisito previo para el turismo sostenible (Scott, 2011).<\/p>\n<p style=\"text-align: left;\">Existen muchas diferencias en la naturaleza de las sensibilidades clim\u00e1ticas en relaci\u00f3n con el turismo. Esto se debe a la complejidad y heterogeneidad de la actividad tur\u00edstica, por ejemplo, los m\u00faltiples subsectores, la diversidad de motivaciones y pautas de viaje de los turistas y la amplia gama de segmentos de mercado (Scott &amp; Limeiux, 2010). El turismo de sol, playa y mar es uno de los tipos de turismo m\u00e1s vulnerables (Santos-Lacueva et al., 2017) y las regiones del Caribe y el Mediterr\u00e1neo -ambas objetivo del proyecto CLIMAR- son puntos clave que la OMT y el PNUMA (2008) identifican como altamente vulnerables al cambio clim\u00e1tico. A\u00fan m\u00e1s cr\u00edtico es el caso de las islas (IPCC, 2014) debido a la alta exposici\u00f3n y sensibilidad de estos territorios. Las zonas de monta\u00f1a tambi\u00e9n son vulnerables al cambio clim\u00e1tico (Pons et al., 2015), destacadas por los deportes de invierno y las atracciones naturales.<\/p>\n<p style=\"text-align: left;\">M\u00e9xico, Colombia y Panam\u00e1 dependen socioecon\u00f3micamente del turismo costero. Se enfrentan a la subida del nivel del mar, la erosi\u00f3n de las playas, fen\u00f3menos meteorol\u00f3gicos extremos, la proliferaci\u00f3n de sargazos y el blanqueamiento de los arrecifes, entre otros (Santos-Lacueva et al., 2019). El turismo costero es tambi\u00e9n el producto m\u00e1s relevante en la regi\u00f3n mediterr\u00e1nea; Espa\u00f1a e Italia est\u00e1n sufriendo, por ejemplo, la erosi\u00f3n de las playas, el aumento de las temperaturas, las olas de calor y la escasez de agua (IPCC, 2014). Tambi\u00e9n se abordan en este proyecto ejemplos de amenazas del cambio clim\u00e1tico para el turismo en destinos de monta\u00f1a en Argentina, Colombia, Espa\u00f1a e Italia, como la reducci\u00f3n de los glaciares, la disminuci\u00f3n de las precipitaciones de nieve para los deportes de invierno o los corrimientos de tierra. La especial vulnerabilidad de las islas al cambio clim\u00e1tico queda ilustrada por las Islas Canarias e Irlanda (Belle &amp; Bramwell, 2005; Uyarra, 2005), tambi\u00e9n objetivo de CLIMAR.<\/p>\n<p style=\"text-align: left;\">Dependiendo de sus peculiaridades contextuales, los destinos afrontan el turismo y el cambio clim\u00e1tico de diferentes maneras (Santos-Lacueva et al., 2019). CLIMAR aborda diversos contextos sociopol\u00edticos y f\u00edsicos que requieren estrategias s\u00f3lidas en materia de cambio clim\u00e1tico y turismo (CC&amp;T). Estas estrategias exigen acciones multidisciplinares e internacionales basadas en la investigaci\u00f3n, as\u00ed como una ense\u00f1anza orientada a la resoluci\u00f3n de problemas y un desarrollo profesional continuo. De ah\u00ed que CLIMAR identifique a universidades de M\u00e9xico, Colombia, Argentina, Panam\u00e1 y Europa como actores primarios en el abordaje de los retos de la CC&amp;T, y como influenciadores de las estrategias regionales y nacionales.<\/p>\n<p style=\"text-align: left;\">La composici\u00f3n del consorcio CLIMAR responde a las lagunas regionales de conocimiento identificadas en el Caribe y Sudam\u00e9rica, as\u00ed como a la necesidad de reforzar las capacidades universitarias en investigaci\u00f3n y docencia en este campo.<\/p>\n\t\t\n<style>\n#text-2584929863 {\n  line-height: 1.4;\n}\n@media (min-width:550px) {\n  #text-2584929863 {\n    line-height: 1.85;\n  }\n}\n<\/style>\n\t<\/div>\n\t\n\t<div id=\"gap-2075479564\" class=\"gap-element clearfix\" style=\"display:block; height:auto;\">\n\t\t\n<style>\n#gap-2075479564 {\n  padding-top: 30px;\n}\n<\/style>\n\t<\/div>\n\t\n\n<a data-animate=\"bounceInLeft\" class=\"button primary\"  >\n    <span>CONOZCA AL CONSORCIO CLIMAR<\/span>\n  <\/a>\n\n\n\n\t\t<\/div>\n\t\t\t\t\n<style>\n#col-1463731613 > .col-inner {\n  margin: 20px 0px 20px 0px;\n}\n<\/style>\n\t<\/div>\n\n\t\n\n<\/div>\n\n\t\t<\/div>\n\t\t\t\t\n<style>\n#col-852821157 > .col-inner {\n  padding: 25px 0px 0px 0px;\n  margin: -70px 0px 0px 0px;\n}\n@media (min-width:550px) {\n  #col-852821157 > .col-inner {\n    padding: 50px 0px 0px 0px;\n  }\n}\n<\/style>\n\t<\/div>\n\n\t\n\n<\/div>\n\n\t\t<\/div>\n\n\t\t\n<style>\n#section_968096151 {\n  padding-top: 30px;\n  padding-bottom: 30px;\n}\n<\/style>\n\t<\/section>\n\t\n\n","protected":false},"excerpt":{"rendered":"","protected":false},"author":6,"featured_media":3318,"parent":0,"menu_order":0,"comment_status":"closed","ping_status":"closed","template":"page-blank.php","meta":{"_kad_blocks_custom_css":"","_kad_blocks_head_custom_js":"","_kad_blocks_body_custom_js":"","_kad_blocks_footer_custom_js":"","footnotes":""},"class_list":["post-3322","page","type-page","status-publish","has-post-thumbnail","hentry"],"taxonomy_info":[],"featured_image_src_large":["https:\/\/climar.obsglob.org\/wp-content\/uploads\/sites\/7\/2023\/04\/cropped-fav-icon.png",512,512,false],"author_info":{"display_name":"Eloi Esp\u00f3sito","author_link":"https:\/\/climar.obsglob.org\/es\/author\/eloiesposito\/"},"comment_info":"","_links":{"self":[{"href":"https:\/\/climar.obsglob.org\/es\/wp-json\/wp\/v2\/pages\/3322","targetHints":{"allow":["GET"]}}],"collection":[{"href":"https:\/\/climar.obsglob.org\/es\/wp-json\/wp\/v2\/pages"}],"about":[{"href":"https:\/\/climar.obsglob.org\/es\/wp-json\/wp\/v2\/types\/page"}],"author":[{"embeddable":true,"href":"https:\/\/climar.obsglob.org\/es\/wp-json\/wp\/v2\/users\/6"}],"replies":[{"embeddable":true,"href":"https:\/\/climar.obsglob.org\/es\/wp-json\/wp\/v2\/comments?post=3322"}],"version-history":[{"count":5,"href":"https:\/\/climar.obsglob.org\/es\/wp-json\/wp\/v2\/pages\/3322\/revisions"}],"predecessor-version":[{"id":3486,"href":"https:\/\/climar.obsglob.org\/es\/wp-json\/wp\/v2\/pages\/3322\/revisions\/3486"}],"wp:featuredmedia":[{"embeddable":true,"href":"https:\/\/climar.obsglob.org\/es\/wp-json\/wp\/v2\/media\/3318"}],"wp:attachment":[{"href":"https:\/\/climar.obsglob.org\/es\/wp-json\/wp\/v2\/media?parent=3322"}],"curies":[{"name":"wp","href":"https:\/\/api.w.org\/{rel}","templated":true}]}}