{"id":3324,"date":"2021-05-11T11:01:23","date_gmt":"2021-05-11T14:01:23","guid":{"rendered":"https:\/\/climar.obreal.net\/inicio\/"},"modified":"2025-06-11T07:54:32","modified_gmt":"2025-06-11T10:54:32","slug":"inicio","status":"publish","type":"page","link":"https:\/\/climar.obsglob.org\/es\/","title":{"rendered":"Inicio"},"content":{"rendered":"\n\t<section class=\"section\" id=\"section_1782341020\">\n\t\t<div class=\"bg section-bg fill bg-fill  bg-loaded\" >\n\n\t\t\t\n\t\t\t\n\t\t\t\n\n\t\t<\/div>\n\n\t\t\n\n\t\t<div class=\"section-content relative\">\n\t\t\t\n\n<div class=\"row row-collapse row-full-width\"  id=\"row-1943725536\">\n\n\n\t<div id=\"col-240100320\" class=\"col small-12 large-12\"  >\n\t\t\t\t<div class=\"col-inner\"  >\n\t\t\t\n\t\t\t\n\n\n  <div class=\"banner has-hover\" id=\"banner-3004021\">\n          <div class=\"banner-inner fill\">\n        <div class=\"banner-bg fill\" >\n            <div class=\"bg fill bg-fill \"><\/div>\n                                    \n                    <\/div>\n\t\t\n        <div class=\"banner-layers container\">\n            <div class=\"fill banner-link\"><\/div>            \n\n   <div id=\"text-box-174210969\" class=\"text-box banner-layer x5 md-x5 lg-x5 y50 md-y50 lg-y50 res-text\">\n                                <div class=\"text-box-content text dark\">\n              \n              <div class=\"text-inner text-center\">\n                  \n\n\t<div id=\"text-3346522603\" class=\"text\">\n\t\t\n\n<h2 class=\"font_2\" style=\"text-align: left;\"><span style=\"color: #000000;\" data-text-color=\"primary\"><strong>Bienvenido\/a a CLIMAR<\/strong><\/span><\/h2>\n<h4 class=\"font_7\" style=\"text-align: left;\"><span style=\"font-weight: 400;\">Fortalecimiento de la investigaci\u00f3n, la innovaci\u00f3n y la transferencia de conocimientos sobre cambio clim\u00e1tico y turismo en las instituciones de Educaci\u00f3n Superior de Am\u00e9rica Latina<\/span><\/h4>\n\t\t\n<style>\n#text-3346522603 {\n  color: #466175;\n}\n#text-3346522603 > * {\n  color: #466175;\n}\n<\/style>\n\t<\/div>\n\t\n\n              <\/div>\n           <\/div>\n                            \n<style>\n#text-box-174210969 {\n  width: 81%;\n}\n#text-box-174210969 .text-box-content {\n  font-size: 100%;\n}\n<\/style>\n    <\/div>\n \n\n        <\/div>\n      <\/div>\n\n            \n<style>\n#banner-3004021 {\n  padding-top: 407px;\n}\n#banner-3004021 .bg.bg-loaded {\n  background-image: url(https:\/\/climar.obsglob.org\/wp-content\/uploads\/sites\/7\/2023\/04\/banner-6.jpg);\n}\n#banner-3004021 .bg {\n  background-position: 50% 0%;\n}\n@media (min-width:550px) {\n  #banner-3004021 {\n    padding-top: 400px;\n  }\n}\n<\/style>\n  <\/div>\n\n\n\n\t\t<\/div>\n\t\t\t\t\t<\/div>\n\n\t\n\n<\/div>\n<div class=\"row row-collapse row-full-width hide-for-small\"  id=\"row-1145294905\">\n\n\n\t<div id=\"col-300282549\" class=\"col medium-4 large-4\"  >\n\t\t\t\t<div class=\"col-inner box-shadow-3-hover\"  >\n\t\t\t\n\t\t\t\n\n\n  <div class=\"banner has-hover\" id=\"banner-1105595516\">\n          <div class=\"banner-inner fill\">\n        <div class=\"banner-bg fill\" >\n            <div class=\"bg fill bg-fill \"><\/div>\n                        <div class=\"overlay\"><\/div>            \n                    <\/div>\n\t\t\n        <div class=\"banner-layers container\">\n            <a class=\"fill\" href=\"https:\/\/climar.obsglob.org\/es\/objetivos\/\" ><div class=\"fill banner-link\"><\/div><\/a>            \n\n   <div id=\"text-box-2117801624\" class=\"text-box banner-layer x50 md-x50 lg-x50 y50 md-y50 lg-y50 res-text\">\n                                <div class=\"text-box-content text dark\">\n              \n              <div class=\"text-inner text-center\">\n                  \n\n<h1><a href=\"https:\/\/climar.obsglob.org\/es\/objetivos\/\">OBJETIVOS<\/a><\/h1>\n\n              <\/div>\n           <\/div>\n                            \n<style>\n#text-box-2117801624 {\n  width: 60%;\n}\n#text-box-2117801624 .text-box-content {\n  font-size: 100%;\n}\n<\/style>\n    <\/div>\n \n\n        <\/div>\n      <\/div>\n\n            \n<style>\n#banner-1105595516 {\n  padding-top: 175px;\n  background-color: rgb(187, 102, 96);\n}\n#banner-1105595516 .overlay {\n  background-color: rgba(0, 0, 0, 0.076);\n}\n<\/style>\n  <\/div>\n\n\n\n\t\t<\/div>\n\t\t\t\t\t<\/div>\n\n\t\n\n\t<div id=\"col-261396064\" class=\"col medium-4 large-4\"  >\n\t\t\t\t<div class=\"col-inner box-shadow-3-hover\"  >\n\t\t\t\n\t\t\t\n\n\n  <div class=\"banner has-hover\" id=\"banner-979771580\">\n          <div class=\"banner-inner fill\">\n        <div class=\"banner-bg fill\" >\n            <div class=\"bg fill bg-fill \"><\/div>\n                        <div class=\"overlay\"><\/div>            \n                    <\/div>\n\t\t\n        <div class=\"banner-layers container\">\n            <a class=\"fill\" href=\"https:\/\/climar.obsglob.org\/es\/noticias-y-eventos\/\" ><div class=\"fill banner-link\"><\/div><\/a>            \n\n   <div id=\"text-box-1877468182\" class=\"text-box banner-layer x50 md-x50 lg-x50 y50 md-y50 lg-y50 res-text\">\n                                <div class=\"text-box-content text dark\">\n              \n              <div class=\"text-inner text-center\">\n                  \n\n<h1><a href=\"https:\/\/climar.obsglob.org\/es\/noticias-y-eventos\/\">EVENTOS<\/a><\/h1>\n\n              <\/div>\n           <\/div>\n                            \n<style>\n#text-box-1877468182 {\n  width: 69%;\n}\n#text-box-1877468182 .text-box-content {\n  font-size: 100%;\n}\n<\/style>\n    <\/div>\n \n\n        <\/div>\n      <\/div>\n\n            \n<style>\n#banner-979771580 {\n  padding-top: 175px;\n  background-color: rgb(169, 89, 83);\n}\n#banner-979771580 .overlay {\n  background-color: rgba(0, 0, 0, 0.221);\n}\n<\/style>\n  <\/div>\n\n\n\n\t\t<\/div>\n\t\t\t\t\t<\/div>\n\n\t\n\n\t<div id=\"col-501927579\" class=\"col medium-4 large-4\"  >\n\t\t\t\t<div class=\"col-inner box-shadow-3-hover\"  >\n\t\t\t\n\t\t\t\n\n\n  <div class=\"banner has-hover\" id=\"banner-182214652\">\n          <div class=\"banner-inner fill\">\n        <div class=\"banner-bg fill\" >\n            <div class=\"bg fill bg-fill \"><\/div>\n                        <div class=\"overlay\"><\/div>            \n                    <\/div>\n\t\t\n        <div class=\"banner-layers container\">\n            <a class=\"fill\" href=\"https:\/\/climar.obsglob.org\/es\/socios\/\" ><div class=\"fill banner-link\"><\/div><\/a>            \n\n   <div id=\"text-box-142805168\" class=\"text-box banner-layer x50 md-x50 lg-x50 y50 md-y50 lg-y50 res-text\">\n                                <div class=\"text-box-content text dark\">\n              \n              <div class=\"text-inner text-center\">\n                  \n\n<h1 class=\"uppercase\"><a href=\"https:\/\/climar.obsglob.org\/es\/socios\/\">Consorcio<\/a><\/h1>\n\n              <\/div>\n           <\/div>\n                            \n<style>\n#text-box-142805168 {\n  width: 60%;\n}\n#text-box-142805168 .text-box-content {\n  font-size: 100%;\n}\n<\/style>\n    <\/div>\n \n\n        <\/div>\n      <\/div>\n\n            \n<style>\n#banner-182214652 {\n  padding-top: 175px;\n  background-color: #9f504a;\n}\n#banner-182214652 .overlay {\n  background-color: rgba(0, 0, 0, 0.297);\n}\n<\/style>\n  <\/div>\n\n\n\n\t\t<\/div>\n\t\t\t\t\t<\/div>\n\n\t\n\n<\/div>\n<div class=\"row row-collapse row-full-width show-for-small\"  id=\"row-734508294\">\n\n\n\t<div id=\"col-1380904469\" class=\"col medium-4 small-12 large-4\"  >\n\t\t\t\t<div class=\"col-inner box-shadow-3-hover\"  >\n\t\t\t\n\t\t\t\n\n\n  <div class=\"banner has-hover\" id=\"banner-2140777455\">\n          <div class=\"banner-inner fill\">\n        <div class=\"banner-bg fill\" >\n            <div class=\"bg fill bg-fill \"><\/div>\n                        <div class=\"overlay\"><\/div>            \n                    <\/div>\n\t\t\n        <div class=\"banner-layers container\">\n            <a class=\"fill\" href=\"https:\/\/climar.obreal.net\/activities\/\" target=\"_blank\" rel=\"noopener\"><div class=\"fill banner-link\"><\/div><\/a>            \n\n   <div id=\"text-box-896483997\" class=\"text-box banner-layer x50 md-x50 lg-x50 y50 md-y50 lg-y50 res-text\">\n                                <div class=\"text-box-content text dark\">\n              \n              <div class=\"text-inner text-center\">\n                  \n\n<h2><a href=\"https:\/\/climar.obsglob.org\/es\/actividades\/\">ACTIVIDADES<\/a><\/h2>\n\n              <\/div>\n           <\/div>\n                            \n<style>\n#text-box-896483997 {\n  width: 60%;\n}\n#text-box-896483997 .text-box-content {\n  font-size: 100%;\n}\n<\/style>\n    <\/div>\n \n\n        <\/div>\n      <\/div>\n\n            \n<style>\n#banner-2140777455 {\n  padding-top: 150px;\n  background-color: rgba(82, 94, 101, 0.25);\n}\n#banner-2140777455 .overlay {\n  background-color: rgba(0, 0, 0, 0.076);\n}\n@media (min-width:550px) {\n  #banner-2140777455 {\n    padding-top: 260px;\n  }\n}\n<\/style>\n  <\/div>\n\n\n\n\t\t<\/div>\n\t\t\t\t\t<\/div>\n\n\t\n\n\t<div id=\"col-2127272175\" class=\"col medium-4 small-12 large-4\"  >\n\t\t\t\t<div class=\"col-inner box-shadow-3-hover\"  >\n\t\t\t\n\t\t\t\n\n\n  <div class=\"banner has-hover\" id=\"banner-1699731872\">\n          <div class=\"banner-inner fill\">\n        <div class=\"banner-bg fill\" >\n            <div class=\"bg fill bg-fill \"><\/div>\n                        <div class=\"overlay\"><\/div>            \n                    <\/div>\n\t\t\n        <div class=\"banner-layers container\">\n            <a class=\"fill\" href=\"https:\/\/climar.obreal.net\/news-and-events\/\" target=\"_blank\" rel=\"noopener\"><div class=\"fill banner-link\"><\/div><\/a>            \n\n   <div id=\"text-box-1831858637\" class=\"text-box banner-layer x50 md-x50 lg-x50 y50 md-y50 lg-y50 res-text\">\n                                <div class=\"text-box-content text dark\">\n              \n              <div class=\"text-inner text-center\">\n                  \n\n<h2><a href=\"https:\/\/climar.obsglob.org\/es\/noticias-y-eventos\/\">EVENTOS<\/a><\/h2>\n\n              <\/div>\n           <\/div>\n                            \n<style>\n#text-box-1831858637 {\n  width: 81%;\n}\n#text-box-1831858637 .text-box-content {\n  font-size: 100%;\n}\n@media (min-width:550px) {\n  #text-box-1831858637 {\n    width: 69%;\n  }\n}\n<\/style>\n    <\/div>\n \n\n        <\/div>\n      <\/div>\n\n            \n<style>\n#banner-1699731872 {\n  padding-top: 150px;\n  background-color: rgba(82, 94, 101, 0.262);\n}\n#banner-1699731872 .overlay {\n  background-color: rgba(0, 0, 0, 0.221);\n}\n@media (min-width:550px) {\n  #banner-1699731872 {\n    padding-top: 260px;\n  }\n}\n<\/style>\n  <\/div>\n\n\n\n\t\t<\/div>\n\t\t\t\t\t<\/div>\n\n\t\n\n\t<div id=\"col-1241997260\" class=\"col medium-4 small-12 large-4\"  >\n\t\t\t\t<div class=\"col-inner box-shadow-3-hover\"  >\n\t\t\t\n\t\t\t\n\n\n  <div class=\"banner has-hover\" id=\"banner-1112770325\">\n          <div class=\"banner-inner fill\">\n        <div class=\"banner-bg fill\" >\n            <div class=\"bg fill bg-fill \"><\/div>\n                        <div class=\"overlay\"><\/div>            \n                    <\/div>\n\t\t\n        <div class=\"banner-layers container\">\n            <a class=\"fill\" href=\"https:\/\/climar.obreal.net\/resources-2\/\" target=\"_blank\" rel=\"noopener\"><div class=\"fill banner-link\"><\/div><\/a>            \n\n   <div id=\"text-box-137401813\" class=\"text-box banner-layer x50 md-x50 lg-x50 y50 md-y50 lg-y50 res-text\">\n                                <div class=\"text-box-content text dark\">\n              \n              <div class=\"text-inner text-center\">\n                  \n\n<h2><a href=\"https:\/\/climar.obsglob.org\/?page_id=654\" class=\"broken_link\">CONSORCIO<\/a><\/h2>\n\n              <\/div>\n           <\/div>\n                            \n<style>\n#text-box-137401813 {\n  width: 60%;\n}\n#text-box-137401813 .text-box-content {\n  font-size: 100%;\n}\n<\/style>\n    <\/div>\n \n\n        <\/div>\n      <\/div>\n\n            \n<style>\n#banner-1112770325 {\n  padding-top: 150px;\n  background-color: rgba(82, 94, 101, 0.238);\n}\n#banner-1112770325 .overlay {\n  background-color: rgba(0, 0, 0, 0.297);\n}\n@media (min-width:550px) {\n  #banner-1112770325 {\n    padding-top: 260px;\n  }\n}\n<\/style>\n  <\/div>\n\n\n\n\t\t<\/div>\n\t\t\t\t\t<\/div>\n\n\t\n\n<\/div>\n\n\t\t<\/div>\n\n\t\t\n<style>\n#section_1782341020 {\n  padding-top: 0px;\n  padding-bottom: 0px;\n}\n<\/style>\n\t<\/section>\n\t\n\t<div id=\"gap-933967252\" class=\"gap-element clearfix\" style=\"display:block; height:auto;\">\n\t\t\n<style>\n#gap-933967252 {\n  padding-top: 30px;\n}\n<\/style>\n\t<\/div>\n\t\n\n\t<section class=\"section info-card-1\" id=\"section_753569246\">\n\t\t<div class=\"bg section-bg fill bg-fill  bg-loaded\" >\n\n\t\t\t\n\t\t\t\n\t\t\t\n\n\t\t<\/div>\n\n\t\t\n\n\t\t<div class=\"section-content relative\">\n\t\t\t\n\n<div class=\"row\"  id=\"row-639392447\">\n\n\n\t<div id=\"col-970901756\" class=\"col small-12 large-12\"  >\n\t\t\t\t<div class=\"col-inner text-center\"  >\n\t\t\t\n\t\t\t\n\n<h2 class=\"font_2\">\u00daltimas noticias<\/h2>\n\n\t\t<\/div>\n\t\t\t\t\n<style>\n#col-970901756 > .col-inner {\n  padding: 20px 0px 0px 0px;\n}\n<\/style>\n\t<\/div>\n\n\t\n\n<\/div>\n\n  \n    <div class=\"row large-columns-3 medium-columns-1 small-columns-1 slider row-slider slider-nav-simple slider-nav-push\"  data-flickity-options='{\"imagesLoaded\": true, \"groupCells\": \"100%\", \"dragThreshold\" : 5, \"cellAlign\": \"left\",\"wrapAround\": true,\"prevNextButtons\": true,\"percentPosition\": true,\"pageDots\": false, \"rightToLeft\": false, \"autoPlay\" : false}' >\n\n  <div class=\"col post-item\" >\n\t\t\t<div class=\"col-inner\">\n\t\t\t\t<div class=\"box box-default box-text-bottom box-blog-post has-hover\">\n            \t\t\t\t\t<div class=\"box-image\" >\n  \t\t\t\t\t\t<div class=\"image-cover\" style=\"padding-top:56.25%;\">\n\t\t\t\t\t\t\t<a href=\"https:\/\/climar.obsglob.org\/es\/climar-celebra-en-mar-del-plata-sus-jornadas-internacionales-sobre-turismo-y-sustentabilidad\/\" class=\"plain\" aria-label=\"CLIMAR celebra en Mar del Plata sus jornadas internacionales sobre turismo y sustentabilidad\">\n\t\t\t\t\t\t\t\t<img loading=\"lazy\" decoding=\"async\" width=\"300\" height=\"200\" src=\"https:\/\/climar.obsglob.org\/wp-content\/uploads\/sites\/7\/2025\/12\/WhatsApp-Image-2025-12-22-at-13.00.20-300x200.jpeg\" class=\"attachment-medium size-medium wp-post-image\" alt=\"\" srcset=\"https:\/\/climar.obsglob.org\/wp-content\/uploads\/sites\/7\/2025\/12\/WhatsApp-Image-2025-12-22-at-13.00.20-300x200.jpeg 300w, https:\/\/climar.obsglob.org\/wp-content\/uploads\/sites\/7\/2025\/12\/WhatsApp-Image-2025-12-22-at-13.00.20-1024x683.jpeg 1024w, https:\/\/climar.obsglob.org\/wp-content\/uploads\/sites\/7\/2025\/12\/WhatsApp-Image-2025-12-22-at-13.00.20-768x512.jpeg 768w, https:\/\/climar.obsglob.org\/wp-content\/uploads\/sites\/7\/2025\/12\/WhatsApp-Image-2025-12-22-at-13.00.20.jpeg 1225w\" sizes=\"auto, (max-width: 300px) 100vw, 300px\" \/>\t\t\t\t\t\t\t<\/a>\n  \t\t\t\t\t\t\t  \t\t\t\t\t\t\t  \t\t\t\t\t\t<\/div>\n  \t\t\t\t\t\t  \t\t\t\t\t<\/div>\n          \t\t\t\t\t<div class=\"box-text text-left is-small\" style=\"padding:15px 0px 0px 0px;\">\n\t\t\t\t\t<div class=\"box-text-inner blog-post-inner\">\n\n\t\t\t\t\t\n\t\t\t\t\t\t\t\t\t\t<h5 class=\"post-title is-large \">\n\t\t\t\t\t\t<a href=\"https:\/\/climar.obsglob.org\/es\/climar-celebra-en-mar-del-plata-sus-jornadas-internacionales-sobre-turismo-y-sustentabilidad\/\" class=\"plain\">CLIMAR celebra en Mar del Plata sus jornadas internacionales sobre turismo y sustentabilidad<\/a>\n\t\t\t\t\t<\/h5>\n\t\t\t\t\t\t\t\t\t\t<div class=\"is-divider\"><\/div>\n\t\t\t\t\t                    \n\t\t\t\t\t\n\t\t\t\t\t\n\t\t\t\t\t<\/div>\n\t\t\t\t\t<\/div>\n\t\t\t\t\t\t\t\t\t<\/div>\n\t\t\t<\/div>\n\t\t<\/div><div class=\"col post-item\" >\n\t\t\t<div class=\"col-inner\">\n\t\t\t\t<div class=\"box box-default box-text-bottom box-blog-post has-hover\">\n            \t\t\t\t\t<div class=\"box-image\" >\n  \t\t\t\t\t\t<div class=\"image-cover\" style=\"padding-top:56.25%;\">\n\t\t\t\t\t\t\t<a href=\"https:\/\/climar.obsglob.org\/es\/taller-participativo-cambio-climatico-y-turismo\/\" class=\"plain\" aria-label=\"Taller participativo \u201cCambio clim\u00e1tico y Turismo\u201d\">\n\t\t\t\t\t\t\t\t<img loading=\"lazy\" decoding=\"async\" width=\"300\" height=\"169\" src=\"https:\/\/climar.obsglob.org\/wp-content\/uploads\/sites\/7\/2025\/09\/Equipo-Climar-SNSM-300x169.jpg\" class=\"attachment-medium size-medium wp-post-image\" alt=\"\" srcset=\"https:\/\/climar.obsglob.org\/wp-content\/uploads\/sites\/7\/2025\/09\/Equipo-Climar-SNSM-300x169.jpg 300w, https:\/\/climar.obsglob.org\/wp-content\/uploads\/sites\/7\/2025\/09\/Equipo-Climar-SNSM-1024x576.jpg 1024w, https:\/\/climar.obsglob.org\/wp-content\/uploads\/sites\/7\/2025\/09\/Equipo-Climar-SNSM-768x432.jpg 768w, https:\/\/climar.obsglob.org\/wp-content\/uploads\/sites\/7\/2025\/09\/Equipo-Climar-SNSM.jpg 1280w\" sizes=\"auto, (max-width: 300px) 100vw, 300px\" \/>\t\t\t\t\t\t\t<\/a>\n  \t\t\t\t\t\t\t  \t\t\t\t\t\t\t  \t\t\t\t\t\t<\/div>\n  \t\t\t\t\t\t  \t\t\t\t\t<\/div>\n          \t\t\t\t\t<div class=\"box-text text-left is-small\" style=\"padding:15px 0px 0px 0px;\">\n\t\t\t\t\t<div class=\"box-text-inner blog-post-inner\">\n\n\t\t\t\t\t\n\t\t\t\t\t\t\t\t\t\t<h5 class=\"post-title is-large \">\n\t\t\t\t\t\t<a href=\"https:\/\/climar.obsglob.org\/es\/taller-participativo-cambio-climatico-y-turismo\/\" class=\"plain\">Taller participativo \u201cCambio clim\u00e1tico y Turismo\u201d<\/a>\n\t\t\t\t\t<\/h5>\n\t\t\t\t\t\t\t\t\t\t<div class=\"is-divider\"><\/div>\n\t\t\t\t\t                    \n\t\t\t\t\t\n\t\t\t\t\t\n\t\t\t\t\t<\/div>\n\t\t\t\t\t<\/div>\n\t\t\t\t\t\t\t\t\t<\/div>\n\t\t\t<\/div>\n\t\t<\/div><div class=\"col post-item\" >\n\t\t\t<div class=\"col-inner\">\n\t\t\t\t<div class=\"box box-default box-text-bottom box-blog-post has-hover\">\n            \t\t\t\t\t<div class=\"box-image\" >\n  \t\t\t\t\t\t<div class=\"image-cover\" style=\"padding-top:56.25%;\">\n\t\t\t\t\t\t\t<a href=\"https:\/\/climar.obsglob.org\/es\/exitosa-realizacion-del-workshop-internacional-%c2%a8turismo-clima-y-saberes-ancestrales\/\" class=\"plain\" aria-label=\"Exitosa realizaci\u00f3n del Workshop Internacional \u00a8Turismo, Clima y Saberes Ancestrales\u201d\">\n\t\t\t\t\t\t\t\t<img loading=\"lazy\" decoding=\"async\" width=\"215\" height=\"300\" src=\"https:\/\/climar.obsglob.org\/wp-content\/uploads\/sites\/7\/2025\/09\/WS-Cartagena-Bianco-Espinoza-BR-215x300.jpg\" class=\"attachment-medium size-medium wp-post-image\" alt=\"\" srcset=\"https:\/\/climar.obsglob.org\/wp-content\/uploads\/sites\/7\/2025\/09\/WS-Cartagena-Bianco-Espinoza-BR-215x300.jpg 215w, https:\/\/climar.obsglob.org\/wp-content\/uploads\/sites\/7\/2025\/09\/WS-Cartagena-Bianco-Espinoza-BR-733x1024.jpg 733w, https:\/\/climar.obsglob.org\/wp-content\/uploads\/sites\/7\/2025\/09\/WS-Cartagena-Bianco-Espinoza-BR-768x1072.jpg 768w, https:\/\/climar.obsglob.org\/wp-content\/uploads\/sites\/7\/2025\/09\/WS-Cartagena-Bianco-Espinoza-BR-1100x1536.jpg 1100w, https:\/\/climar.obsglob.org\/wp-content\/uploads\/sites\/7\/2025\/09\/WS-Cartagena-Bianco-Espinoza-BR.jpg 1146w\" sizes=\"auto, (max-width: 215px) 100vw, 215px\" \/>\t\t\t\t\t\t\t<\/a>\n  \t\t\t\t\t\t\t  \t\t\t\t\t\t\t  \t\t\t\t\t\t<\/div>\n  \t\t\t\t\t\t  \t\t\t\t\t<\/div>\n          \t\t\t\t\t<div class=\"box-text text-left is-small\" style=\"padding:15px 0px 0px 0px;\">\n\t\t\t\t\t<div class=\"box-text-inner blog-post-inner\">\n\n\t\t\t\t\t\n\t\t\t\t\t\t\t\t\t\t<h5 class=\"post-title is-large \">\n\t\t\t\t\t\t<a href=\"https:\/\/climar.obsglob.org\/es\/exitosa-realizacion-del-workshop-internacional-%c2%a8turismo-clima-y-saberes-ancestrales\/\" class=\"plain\">Exitosa realizaci\u00f3n del Workshop Internacional \u00a8Turismo, Clima y Saberes Ancestrales\u201d<\/a>\n\t\t\t\t\t<\/h5>\n\t\t\t\t\t\t\t\t\t\t<div class=\"is-divider\"><\/div>\n\t\t\t\t\t                    \n\t\t\t\t\t\n\t\t\t\t\t\n\t\t\t\t\t<\/div>\n\t\t\t\t\t<\/div>\n\t\t\t\t\t\t\t\t\t<\/div>\n\t\t\t<\/div>\n\t\t<\/div><\/div>\n\n\n\t\t<\/div>\n\n\t\t\n<style>\n#section_753569246 {\n  padding-top: 16px;\n  padding-bottom: 16px;\n  background-color: rgb(244, 244, 244);\n}\n@media (min-width:550px) {\n  #section_753569246 {\n    padding-top: 50px;\n    padding-bottom: 50px;\n  }\n}\n<\/style>\n\t<\/section>\n\t\n\t<div id=\"gap-1290387678\" class=\"gap-element clearfix\" style=\"display:block; height:auto;\">\n\t\t\n<style>\n#gap-1290387678 {\n  padding-top: 30px;\n}\n<\/style>\n\t<\/div>\n\t\n\n<div class=\"social-icons follow-icons full-width text-center\" ><span>S\u00edguenos en redes sociales<\/span><a href=\"https:\/\/twitter.com\/climarerasmus\" data-label=\"Twitter\" target=\"_blank\" class=\"icon button circle is-outline twitter tooltip\" title=\"S\u00edguenos en Twitter\" aria-label=\"S\u00edguenos en Twitter\" rel=\"noopener nofollow\"><i class=\"icon-twitter\" ><\/i><\/a><a href=\"https:\/\/www.linkedin.com\/company\/climarerasmus\" data-label=\"LinkedIn\" target=\"_blank\" class=\"icon button circle is-outline linkedin tooltip\" title=\"S\u00edguenos en LinkedIn\" aria-label=\"S\u00edguenos en LinkedIn\" rel=\"noopener nofollow\"><i class=\"icon-linkedin\" ><\/i><\/a><\/div>\n\n\n","protected":false},"excerpt":{"rendered":"","protected":false},"author":6,"featured_media":3318,"parent":0,"menu_order":0,"comment_status":"closed","ping_status":"closed","template":"page-blank.php","meta":{"_kad_blocks_custom_css":"","_kad_blocks_head_custom_js":"","_kad_blocks_body_custom_js":"","_kad_blocks_footer_custom_js":"","footnotes":""},"class_list":["post-3324","page","type-page","status-publish","has-post-thumbnail","hentry"],"taxonomy_info":[],"featured_image_src_large":["https:\/\/climar.obsglob.org\/wp-content\/uploads\/sites\/7\/2023\/04\/cropped-fav-icon.png",512,512,false],"author_info":{"display_name":"Eloi Esp\u00f3sito","author_link":"https:\/\/climar.obsglob.org\/es\/author\/eloiesposito\/"},"comment_info":"","_links":{"self":[{"href":"https:\/\/climar.obsglob.org\/es\/wp-json\/wp\/v2\/pages\/3324","targetHints":{"allow":["GET"]}}],"collection":[{"href":"https:\/\/climar.obsglob.org\/es\/wp-json\/wp\/v2\/pages"}],"about":[{"href":"https:\/\/climar.obsglob.org\/es\/wp-json\/wp\/v2\/types\/page"}],"author":[{"embeddable":true,"href":"https:\/\/climar.obsglob.org\/es\/wp-json\/wp\/v2\/users\/6"}],"replies":[{"embeddable":true,"href":"https:\/\/climar.obsglob.org\/es\/wp-json\/wp\/v2\/comments?post=3324"}],"version-history":[{"count":16,"href":"https:\/\/climar.obsglob.org\/es\/wp-json\/wp\/v2\/pages\/3324\/revisions"}],"predecessor-version":[{"id":3998,"href":"https:\/\/climar.obsglob.org\/es\/wp-json\/wp\/v2\/pages\/3324\/revisions\/3998"}],"wp:featuredmedia":[{"embeddable":true,"href":"https:\/\/climar.obsglob.org\/es\/wp-json\/wp\/v2\/media\/3318"}],"wp:attachment":[{"href":"https:\/\/climar.obsglob.org\/es\/wp-json\/wp\/v2\/media?parent=3324"}],"curies":[{"name":"wp","href":"https:\/\/api.w.org\/{rel}","templated":true}]}}