{"id":3326,"date":"2021-06-11T18:08:48","date_gmt":"2021-06-11T21:08:48","guid":{"rendered":"https:\/\/climar.obreal.net\/objetivos\/"},"modified":"2023-07-11T11:28:50","modified_gmt":"2023-07-11T14:28:50","slug":"objetivos","status":"publish","type":"page","link":"https:\/\/climar.obsglob.org\/es\/objetivos\/","title":{"rendered":"Objetivos"},"content":{"rendered":"\n  <div id=\"page-header-171086181\" class=\"page-header-wrapper\">\n  <div class=\"page-title light featured-title\">\n\n        <div class=\"page-title-bg\">\n      <div class=\"title-bg fill bg-fill\"\n        data-parallax-container=\".page-title\"\n        data-parallax-background\n        data-parallax=\"-\">\n      <\/div>\n      <div class=\"title-overlay fill\"><\/div>\n    <\/div>\n    \n    <div class=\"page-title-inner container align-center text-center flex-row-col medium-flex-wrap\" >\n              <div class=\"title-wrapper flex-col\">\n          <h1 class=\"entry-title mb-0\">\n            OBJETIVOS          <\/h1>\n        <\/div>\n                    <div class=\"title-content flex-col\">\n        <ul class=\"nav sm-touch-scroll nav-line nav-uppercase text-center nav-center\"><li class=\"nav-single-page hidden\"><\/li><\/ul>      <\/div>\n    <\/div>\n\n     \n<style>\n#page-header-171086181 .page-title-inner {\n  min-height: 200px;\n}\n#page-header-171086181 .title-bg {\n  background-image: url(https:\/\/climar.obsglob.org\/wp-content\/uploads\/sites\/7\/2023\/04\/banner-5.jpg);\n  background-position: 50% 53%;\n}\n#page-header-171086181 .title-overlay {\n  background-color: rgba(0, 0, 0, 0);\n}\n@media (min-width:550px) {\n  #page-header-171086181 .page-title-inner {\n    min-height: 300px;\n  }\n}\n<\/style>\n  <\/div>\n    <\/div>\n  \n\n\t<section class=\"section\" id=\"section_1540170357\">\n\t\t<div class=\"bg section-bg fill bg-fill  bg-loaded\" >\n\n\t\t\t\n\t\t\t\n\t\t\t\n\n\t\t<\/div>\n\n\t\t\n\n\t\t<div class=\"section-content relative\">\n\t\t\t\n\n<div class=\"row\"  id=\"row-1495893999\">\n\n\n\t<div id=\"col-982887313\" class=\"col small-12 large-12\"  >\n\t\t\t\t<div class=\"col-inner\" style=\"background-color:rgb(255,255,255);\" >\n\t\t\t\n\t\t\t\n\n<div class=\"row align-center\"  id=\"row-1169824983\">\n\n\n\t<div id=\"col-898100052\" class=\"col medium-9 small-10 large-9\"  >\n\t\t\t\t<div class=\"col-inner text-center\"  >\n\t\t\t\n\t\t\t\n\n<h3>&nbsp;<\/h3>\n<p class=\"font_8\" style=\"text-align: left;\">El cambio clim\u00e1tico se ha convertido en un fen\u00f3meno estructural, y la emisi\u00f3n continuada de gases de efecto invernadero provocar\u00e1 un mayor calentamiento y cambios dr\u00e1sticos en el sistema clim\u00e1tico, aumentando la probabilidad de impactos graves e irreversibles. Como consecuencia negativa del mundo interconectado en el que vivimos, el cambio clim\u00e1tico puede incluso haber favorecido la aparici\u00f3n de COVID-19. Sin duda, nos enfrentamos a una emergencia clim\u00e1tica sin precedentes.<\/p>\n<p class=\"font_8\" style=\"text-align: left;\"><span data-text-color=\"primary\"><strong>Los objetivos del proyecto son los siguientes:&nbsp; <\/strong><\/span><\/p>\n<p style=\"text-align: left;\"><span data-text-color=\"primary\">Objetivo general<\/span><\/p>\n<p class=\"font_8\" style=\"text-align: left;\">El principal objetivo de CLIMAR es vincular la investigaci\u00f3n interdisciplinar, la innovaci\u00f3n y la transferencia de conocimientos al desarrollo curricular de la Educaci\u00f3n Superior y a la formaci\u00f3n profesional continua, con el fin de preparar al sector tur\u00edstico para afrontar mejor el cambio clim\u00e1tico y mitigar sus impactos.<\/p>\n<p style=\"text-align: left;\"><span data-text-color=\"primary\">Objetivos espec\u00edficos<\/span><\/p>\n<ul>\n<li class=\"bullet-checkmark\" style=\"text-align: left;\">Apoyar la creaci\u00f3n de grupos de investigaci\u00f3n transnacionales y multidisciplinares especializados en Cambio Clim\u00e1tico, Econom\u00eda Circular y Turismo (CC&amp;T), entre IES de Europa y Am\u00e9rica Latina (Panam\u00e1, M\u00e9xico, Colombia y Argentina) y reforzar sus capacidades para aumentar el conocimiento regional sobre CC&amp;T.<\/li>\n<li class=\"bullet-checkmark\" style=\"text-align: left;\">Promover la ense\u00f1anza colaborativa basada en la investigaci\u00f3n en CC&amp;T, a trav\u00e9s del desarrollo de un m\u00f3dulo de estudio transversal que pueda insertarse en diferentes cursos a nivel de postgrado\/doctorado.<\/li>\n<li class=\"bullet-checkmark\" style=\"text-align: left;\">Mejorar la transferencia de conocimientos entre la universidad, las ONG, la industria y la administraci\u00f3n p\u00fablica para contribuir al desarrollo sostenible y a nuevas oportunidades de empleo, a trav\u00e9s de un curso de desarrollo profesional en Cambio Clim\u00e1tico, Econom\u00eda Circular y Turismo (CC&amp;T).<\/li>\n<li class=\"bullet-checkmark\" style=\"text-align: left;\">Garantizar relaciones acad\u00e9micas sostenibles y asociaciones estrat\u00e9gicas entre IES de Europa y Am\u00e9rica Latina, basadas en enfoques multidisciplinares que formen a estudiantes y j\u00f3venes profesionales para contribuir al turismo sostenible.<\/li>\n<\/ul>\n\n\t\t<\/div>\n\t\t\t\t\n<style>\n#col-898100052 > .col-inner {\n  margin: 20px 0px 20px 0px;\n}\n<\/style>\n\t<\/div>\n\n\t\n\n<\/div>\n\n\t\t<\/div>\n\t\t\t\t\n<style>\n#col-982887313 > .col-inner {\n  padding: 0px 0px 0px 0px;\n  margin: -70px 0px 0px 0px;\n}\n@media (min-width:550px) {\n  #col-982887313 > .col-inner {\n    padding: 50px 0px 0px 0px;\n  }\n}\n<\/style>\n\t<\/div>\n\n\t\n\n<\/div>\n\n\t\t<\/div>\n\n\t\t\n<style>\n#section_1540170357 {\n  padding-top: 30px;\n  padding-bottom: 30px;\n}\n<\/style>\n\t<\/section>\n\t\n","protected":false},"excerpt":{"rendered":"","protected":false},"author":6,"featured_media":3318,"parent":0,"menu_order":0,"comment_status":"closed","ping_status":"closed","template":"page-blank.php","meta":{"_kad_blocks_custom_css":"","_kad_blocks_head_custom_js":"","_kad_blocks_body_custom_js":"","_kad_blocks_footer_custom_js":"","footnotes":""},"class_list":["post-3326","page","type-page","status-publish","has-post-thumbnail","hentry"],"taxonomy_info":[],"featured_image_src_large":["https:\/\/climar.obsglob.org\/wp-content\/uploads\/sites\/7\/2023\/04\/cropped-fav-icon.png",512,512,false],"author_info":{"display_name":"Eloi Esp\u00f3sito","author_link":"https:\/\/climar.obsglob.org\/es\/author\/eloiesposito\/"},"comment_info":"","_links":{"self":[{"href":"https:\/\/climar.obsglob.org\/es\/wp-json\/wp\/v2\/pages\/3326","targetHints":{"allow":["GET"]}}],"collection":[{"href":"https:\/\/climar.obsglob.org\/es\/wp-json\/wp\/v2\/pages"}],"about":[{"href":"https:\/\/climar.obsglob.org\/es\/wp-json\/wp\/v2\/types\/page"}],"author":[{"embeddable":true,"href":"https:\/\/climar.obsglob.org\/es\/wp-json\/wp\/v2\/users\/6"}],"replies":[{"embeddable":true,"href":"https:\/\/climar.obsglob.org\/es\/wp-json\/wp\/v2\/comments?post=3326"}],"version-history":[{"count":2,"href":"https:\/\/climar.obsglob.org\/es\/wp-json\/wp\/v2\/pages\/3326\/revisions"}],"predecessor-version":[{"id":3514,"href":"https:\/\/climar.obsglob.org\/es\/wp-json\/wp\/v2\/pages\/3326\/revisions\/3514"}],"wp:featuredmedia":[{"embeddable":true,"href":"https:\/\/climar.obsglob.org\/es\/wp-json\/wp\/v2\/media\/3318"}],"wp:attachment":[{"href":"https:\/\/climar.obsglob.org\/es\/wp-json\/wp\/v2\/media?parent=3326"}],"curies":[{"name":"wp","href":"https:\/\/api.w.org\/{rel}","templated":true}]}}