{"id":4015,"date":"2025-06-30T06:11:50","date_gmt":"2025-06-30T09:11:50","guid":{"rendered":"https:\/\/climar.obsglob.org\/?page_id=4015"},"modified":"2025-06-30T06:23:23","modified_gmt":"2025-06-30T09:23:23","slug":"registro","status":"publish","type":"page","link":"https:\/\/climar.obsglob.org\/es\/formacion-climar\/registro\/","title":{"rendered":"registro"},"content":{"rendered":"\n  <div id=\"page-header-520493772\" class=\"page-header-wrapper\">\n  <div class=\"page-title light featured-title\">\n\n        <div class=\"page-title-bg\">\n      <div class=\"title-bg fill bg-fill\"\n        data-parallax-container=\".page-title\"\n        data-parallax-background\n        data-parallax=\"-\">\n      <\/div>\n      <div class=\"title-overlay fill\"><\/div>\n    <\/div>\n    \n    <div class=\"page-title-inner container align-center text-center flex-row-col medium-flex-wrap\" >\n              <div class=\"title-wrapper flex-col\">\n          <h1 class=\"entry-title mb-0\">\n            FORMACI\u00d3N Y ACTUALIZACI\u00d3N EN CAMBIO CLIM\u00c1TICO, TURISMO Y ECONOM\u00cdA CIRCULAR          <\/h1>\n        <\/div>\n                    <div class=\"title-content flex-col\">\n        <ul class=\"nav sm-touch-scroll nav-line nav-uppercase text-center nav-center\"><li class=\"nav-single-page hidden\"><\/li><\/ul>      <\/div>\n    <\/div>\n\n     \n<style>\n#page-header-520493772 .page-title-inner {\n  min-height: 200px;\n}\n#page-header-520493772 .title-bg {\n  background-image: url(https:\/\/climar.obsglob.org\/wp-content\/uploads\/sites\/7\/2023\/04\/banner-5.jpg);\n  background-position: 36% 47%;\n}\n#page-header-520493772 .title-overlay {\n  background-color: rgba(0, 0, 0, 0);\n}\n@media (min-width:550px) {\n  #page-header-520493772 .page-title-inner {\n    min-height: 300px;\n  }\n}\n<\/style>\n  <\/div>\n    <\/div>\n  \n\n\t<div id=\"gap-1994640291\" class=\"gap-element clearfix\" style=\"display:block; height:auto;\">\n\t\t\n<style>\n#gap-1994640291 {\n  padding-top: 40px;\n}\n<\/style>\n\t<\/div>\n\t\n\n<div class=\"row\"  id=\"row-1415339773\">\n\n\n\t<div id=\"col-2068451344\" class=\"col small-12 large-12\"  >\n\t\t\t\t<div class=\"col-inner\"  >\n\t\t\t\n\t\t\t\n\n\n\t\t<\/div>\n\t\t\t\t\t<\/div>\n\n\t\n\n<\/div>\n\n\n<style>.kb-row-layout-id4015_c555f3-38 > .kt-row-column-wrap{align-content:start;}:where(.kb-row-layout-id4015_c555f3-38 > .kt-row-column-wrap) > .wp-block-kadence-column{justify-content:start;}.kb-row-layout-id4015_c555f3-38 > .kt-row-column-wrap{column-gap:var(--global-kb-gap-md, 2rem);row-gap:var(--global-kb-gap-md, 2rem);max-width:1020px;padding-top:var(--global-kb-spacing-sm, 1.5rem);padding-bottom:var(--global-kb-spacing-sm, 1.5rem);grid-template-columns:minmax(0, 1fr);}.kb-row-layout-id4015_c555f3-38 > .kt-row-layout-overlay{opacity:0.30;}@media all and (max-width: 1024px){.kb-row-layout-id4015_c555f3-38 > .kt-row-column-wrap{grid-template-columns:minmax(0, 1fr);}}@media all and (max-width: 767px){.kb-row-layout-id4015_c555f3-38 > .kt-row-column-wrap{grid-template-columns:minmax(0, 1fr);}}<\/style><div class=\"kb-row-layout-wrap kb-row-layout-id4015_c555f3-38 alignnone wp-block-kadence-rowlayout\"><div class=\"kt-row-column-wrap kt-has-2-columns kt-row-layout-row kt-tab-layout-inherit kt-mobile-layout-row kt-row-valign-top kb-theme-content-width\">\n<style>.kadence-column4015_cd281e-eb > .kt-inside-inner-col,.kadence-column4015_cd281e-eb > .kt-inside-inner-col:before{border-top-left-radius:0px;border-top-right-radius:0px;border-bottom-right-radius:0px;border-bottom-left-radius:0px;}.kadence-column4015_cd281e-eb > .kt-inside-inner-col{column-gap:var(--global-kb-gap-sm, 1rem);}.kadence-column4015_cd281e-eb > .kt-inside-inner-col{flex-direction:column;}.kadence-column4015_cd281e-eb > .kt-inside-inner-col > .aligncenter{width:100%;}.kadence-column4015_cd281e-eb > .kt-inside-inner-col:before{opacity:0.3;}.kadence-column4015_cd281e-eb{position:relative;}@media all and (max-width: 1024px){.kadence-column4015_cd281e-eb > .kt-inside-inner-col{flex-direction:column;justify-content:center;}}@media all and (max-width: 767px){.kadence-column4015_cd281e-eb > .kt-inside-inner-col{flex-direction:column;justify-content:center;}}<\/style>\n<div class=\"wp-block-kadence-column kadence-column4015_cd281e-eb\"><div class=\"kt-inside-inner-col\"><style>.wp-block-kadence-advancedbtn.kb-btns4015_f7faa7-34{gap:var(--global-kb-gap-xs, 0.5rem );justify-content:flex-start;align-items:center;}.kt-btns4015_f7faa7-34 .kt-button{font-weight:normal;font-style:normal;}.kt-btns4015_f7faa7-34 .kt-btn-wrap-0{margin-right:5px;}.wp-block-kadence-advancedbtn.kt-btns4015_f7faa7-34 .kt-btn-wrap-0 .kt-button{color:#555555;border-color:#555555;}.wp-block-kadence-advancedbtn.kt-btns4015_f7faa7-34 .kt-btn-wrap-0 .kt-button:hover, .wp-block-kadence-advancedbtn.kt-btns4015_f7faa7-34 .kt-btn-wrap-0 .kt-button:focus{color:#ffffff;border-color:#444444;}.wp-block-kadence-advancedbtn.kt-btns4015_f7faa7-34 .kt-btn-wrap-0 .kt-button::before{display:none;}.wp-block-kadence-advancedbtn.kt-btns4015_f7faa7-34 .kt-btn-wrap-0 .kt-button:hover, .wp-block-kadence-advancedbtn.kt-btns4015_f7faa7-34 .kt-btn-wrap-0 .kt-button:focus{background:#444444;}<\/style>\n<div class=\"wp-block-kadence-advancedbtn kb-buttons-wrap kb-btns4015_f7faa7-34\"><style>ul.menu .wp-block-kadence-advancedbtn .kb-btn4015_62f7d2-9e.kb-button{width:initial;}.wp-block-kadence-advancedbtn .kb-btn4015_62f7d2-9e.kb-button{background:#d26e4b;}<\/style><a class=\"kb-button kt-button button kb-btn4015_62f7d2-9e kt-btn-size-standard kt-btn-width-type-auto kb-btn-global-fill kt-btn-has-text-true kt-btn-has-svg-false  wp-block-kadence-singlebtn\" href=\"https:\/\/climar.obsglob.org\/es\/formacion-climar\/\"><span class=\"kt-btn-inner-text\"><strong>VOLVER<\/strong><\/span><\/a><\/div>\n<\/div><\/div>\n\n\n<style>.kadence-column4015_68ecb0-a9 > .kt-inside-inner-col,.kadence-column4015_68ecb0-a9 > .kt-inside-inner-col:before{border-top-left-radius:0px;border-top-right-radius:0px;border-bottom-right-radius:0px;border-bottom-left-radius:0px;}.kadence-column4015_68ecb0-a9 > .kt-inside-inner-col{column-gap:var(--global-kb-gap-sm, 1rem);}.kadence-column4015_68ecb0-a9 > .kt-inside-inner-col{flex-direction:column;}.kadence-column4015_68ecb0-a9 > .kt-inside-inner-col > .aligncenter{width:100%;}.kadence-column4015_68ecb0-a9 > .kt-inside-inner-col:before{opacity:0.3;}.kadence-column4015_68ecb0-a9{position:relative;}@media all and (max-width: 1024px){.kadence-column4015_68ecb0-a9 > .kt-inside-inner-col{flex-direction:column;justify-content:center;}}@media all and (max-width: 767px){.kadence-column4015_68ecb0-a9 > .kt-inside-inner-col{flex-direction:column;justify-content:center;}}<\/style>\n<div class=\"wp-block-kadence-column kadence-column4015_68ecb0-a9\"><div class=\"kt-inside-inner-col\"><style>.wp-block-kadence-advancedheading.kt-adv-heading4015_2c6d85-a0, .wp-block-kadence-advancedheading.kt-adv-heading4015_2c6d85-a0[data-kb-block=\"kb-adv-heading4015_2c6d85-a0\"]{font-style:normal;}.wp-block-kadence-advancedheading.kt-adv-heading4015_2c6d85-a0 mark.kt-highlight, .wp-block-kadence-advancedheading.kt-adv-heading4015_2c6d85-a0[data-kb-block=\"kb-adv-heading4015_2c6d85-a0\"] mark.kt-highlight{font-style:normal;color:#f76a0c;-webkit-box-decoration-break:clone;box-decoration-break:clone;padding-top:0px;padding-right:0px;padding-bottom:0px;padding-left:0px;}<\/style>\n<p class=\"kt-adv-heading4015_2c6d85-a0 wp-block-kadence-advancedheading\" data-kb-block=\"kb-adv-heading4015_2c6d85-a0\">La participaci\u00f3n se gestiona mediante un proceso de pre-registro. El equipo organizador seleccionar\u00e1 a las y los participantes en funci\u00f3n de los perfiles y la disponibilidad de plazas.<\/p>\n\n\n<style>.wp-block-kadence-advancedheading.kt-adv-heading4015_e8b43a-a7, .wp-block-kadence-advancedheading.kt-adv-heading4015_e8b43a-a7[data-kb-block=\"kb-adv-heading4015_e8b43a-a7\"]{font-style:normal;text-transform:uppercase;text-shadow:1px 1px 1px rgba(0, 0, 0, 0.2);}.wp-block-kadence-advancedheading.kt-adv-heading4015_e8b43a-a7 mark.kt-highlight, .wp-block-kadence-advancedheading.kt-adv-heading4015_e8b43a-a7[data-kb-block=\"kb-adv-heading4015_e8b43a-a7\"] mark.kt-highlight{font-style:normal;color:#f76a0c;-webkit-box-decoration-break:clone;box-decoration-break:clone;padding-top:0px;padding-right:0px;padding-bottom:0px;padding-left:0px;}@media all and (max-width: 1024px){.wp-block-kadence-advancedheading.kt-adv-heading4015_e8b43a-a7, .wp-block-kadence-advancedheading.kt-adv-heading4015_e8b43a-a7[data-kb-block=\"kb-adv-heading4015_e8b43a-a7\"]{text-shadow:1px 1px 1px rgba(0, 0, 0, 0.2);}}@media all and (max-width: 767px){.wp-block-kadence-advancedheading.kt-adv-heading4015_e8b43a-a7, .wp-block-kadence-advancedheading.kt-adv-heading4015_e8b43a-a7[data-kb-block=\"kb-adv-heading4015_e8b43a-a7\"]{text-shadow:1px 1px 1px rgba(0, 0, 0, 0.2);}}<\/style>\n<h3 class=\"kt-adv-heading4015_e8b43a-a7 wp-block-kadence-advancedheading\" data-kb-block=\"kb-adv-heading4015_e8b43a-a7\"><strong>pre-registro<\/strong><\/h3>\n\n\n<style>.wp-block-kadence-advancedheading.kt-adv-heading4015_1293af-1d, .wp-block-kadence-advancedheading.kt-adv-heading4015_1293af-1d[data-kb-block=\"kb-adv-heading4015_1293af-1d\"]{font-style:normal;}.wp-block-kadence-advancedheading.kt-adv-heading4015_1293af-1d mark.kt-highlight, .wp-block-kadence-advancedheading.kt-adv-heading4015_1293af-1d[data-kb-block=\"kb-adv-heading4015_1293af-1d\"] mark.kt-highlight{font-style:normal;color:#f76a0c;-webkit-box-decoration-break:clone;box-decoration-break:clone;padding-top:0px;padding-right:0px;padding-bottom:0px;padding-left:0px;}<\/style>\n<p class=\"kt-adv-heading4015_1293af-1d wp-block-kadence-advancedheading\" data-kb-block=\"kb-adv-heading4015_1293af-1d\">Cupos limitados. Se enviar\u00e1 confirmaci\u00f3n por correo electr\u00f3nico a las personas seleccionadas.<\/p>\n\n\n<\/div><\/div>\n\n<\/div><\/div>","protected":false},"excerpt":{"rendered":"<p>La participaci\u00f3n se gestiona mediante un proceso de pre-registro. El equipo organizador seleccionar\u00e1 a las y los participantes en funci\u00f3n de los perfiles y la disponibilidad de plazas. pre-registro Cupos limitados. Se enviar\u00e1 confirmaci\u00f3n por correo electr\u00f3nico a las personas seleccionadas.<\/p>\n","protected":false},"author":6,"featured_media":0,"parent":4010,"menu_order":0,"comment_status":"closed","ping_status":"closed","template":"page-blank.php","meta":{"_kad_blocks_custom_css":"","_kad_blocks_head_custom_js":"","_kad_blocks_body_custom_js":"","_kad_blocks_footer_custom_js":"","footnotes":""},"class_list":["post-4015","page","type-page","status-publish","hentry"],"taxonomy_info":[],"featured_image_src_large":false,"author_info":{"display_name":"Eloi Esp\u00f3sito","author_link":"https:\/\/climar.obsglob.org\/es\/author\/eloiesposito\/"},"comment_info":"","_links":{"self":[{"href":"https:\/\/climar.obsglob.org\/es\/wp-json\/wp\/v2\/pages\/4015","targetHints":{"allow":["GET"]}}],"collection":[{"href":"https:\/\/climar.obsglob.org\/es\/wp-json\/wp\/v2\/pages"}],"about":[{"href":"https:\/\/climar.obsglob.org\/es\/wp-json\/wp\/v2\/types\/page"}],"author":[{"embeddable":true,"href":"https:\/\/climar.obsglob.org\/es\/wp-json\/wp\/v2\/users\/6"}],"replies":[{"embeddable":true,"href":"https:\/\/climar.obsglob.org\/es\/wp-json\/wp\/v2\/comments?post=4015"}],"version-history":[{"count":7,"href":"https:\/\/climar.obsglob.org\/es\/wp-json\/wp\/v2\/pages\/4015\/revisions"}],"predecessor-version":[{"id":4027,"href":"https:\/\/climar.obsglob.org\/es\/wp-json\/wp\/v2\/pages\/4015\/revisions\/4027"}],"up":[{"embeddable":true,"href":"https:\/\/climar.obsglob.org\/es\/wp-json\/wp\/v2\/pages\/4010"}],"wp:attachment":[{"href":"https:\/\/climar.obsglob.org\/es\/wp-json\/wp\/v2\/media?parent=4015"}],"curies":[{"name":"wp","href":"https:\/\/api.w.org\/{rel}","templated":true}]}}